{"id":988872,"date":"2025-06-11T10:33:15","date_gmt":"2025-06-11T08:33:15","guid":{"rendered":"https:\/\/magazine.zecchinon.com\/blog\/"},"modified":"2025-06-11T10:33:15","modified_gmt":"2025-06-11T08:33:15","slug":"blog","status":"publish","type":"page","link":"https:\/\/magazine.zecchinon.com\/fr\/blog\/","title":{"rendered":"Blog"},"content":{"rendered":"\t\t<div data-elementor-type=\"wp-page\" data-elementor-id=\"988872\" class=\"elementor elementor-988872 elementor-987999\" data-elementor-post-type=\"page\">\n\t\t\t\t\t\t<section class=\"elementor-section elementor-top-section elementor-element elementor-element-8e33d40 elementor-section-full_width elementor-section-height-default elementor-section-height-default\" data-id=\"8e33d40\" data-element_type=\"section\">\n\t\t\t\t\t\t<div class=\"elementor-container elementor-column-gap-no\">\n\t\t\t\t\t<div class=\"elementor-column elementor-col-100 elementor-top-column elementor-element elementor-element-7c4a646\" data-id=\"7c4a646\" data-element_type=\"column\">\n\t\t\t<div class=\"elementor-widget-wrap elementor-element-populated\">\n\t\t\t\t\t\t<div class=\"elementor-element elementor-element-3c0a8d9 elementor-widget-tablet__width-inherit elementor-widget-divider--view-line elementor-widget elementor-widget-divider\" data-id=\"3c0a8d9\" data-element_type=\"widget\" data-widget_type=\"divider.default\">\n\t\t\t\t<div class=\"elementor-widget-container\">\n\t\t\t\t\t\t\t<div class=\"elementor-divider\">\n\t\t\t<span class=\"elementor-divider-separator\">\n\t\t\t\t\t\t<\/span>\n\t\t<\/div>\n\t\t\t\t\t\t<\/div>\n\t\t\t\t<\/div>\n\t\t\t\t\t<\/div>\n\t\t<\/div>\n\t\t\t\t\t<\/div>\n\t\t<\/section>\n\t\t\t\t<section class=\"elementor-section elementor-top-section elementor-element elementor-element-bc92ef2 elementor-section-boxed elementor-section-height-default elementor-section-height-default\" data-id=\"bc92ef2\" data-element_type=\"section\">\n\t\t\t\t\t\t<div class=\"elementor-container elementor-column-gap-no\">\n\t\t\t\t\t<div class=\"elementor-column elementor-col-50 elementor-top-column elementor-element elementor-element-aadff10\" data-id=\"aadff10\" data-element_type=\"column\">\n\t\t\t<div class=\"elementor-widget-wrap elementor-element-populated\">\n\t\t\t\t\t\t<div class=\"elementor-element elementor-element-57a8e45 rotate-270 elementor-widget elementor-widget-heading\" data-id=\"57a8e45\" data-element_type=\"widget\" data-settings=\"{&quot;sticky&quot;:&quot;top&quot;,&quot;sticky_offset&quot;:105,&quot;sticky_effects_offset&quot;:50,&quot;sticky_parent&quot;:&quot;yes&quot;,&quot;sticky_on&quot;:[&quot;mobile&quot;],&quot;sticky_anchor_link_offset&quot;:0}\" data-widget_type=\"heading.default\">\n\t\t\t\t<div class=\"elementor-widget-container\">\n\t\t\t\t\t<div class=\"elementor-heading-title elementor-size-default\"><a href=\"\/blog\">Articoli<\/a><\/div>\t\t\t\t<\/div>\n\t\t\t\t<\/div>\n\t\t\t\t\t<\/div>\n\t\t<\/div>\n\t\t\t\t<div class=\"elementor-column elementor-col-50 elementor-top-column elementor-element elementor-element-12a4eb1\" data-id=\"12a4eb1\" data-element_type=\"column\">\n\t\t\t<div class=\"elementor-widget-wrap elementor-element-populated\">\n\t\t\t\t\t\t<div class=\"vamtam-has-theme-widget-styles elementor-element elementor-element-873598d elementor-posts--align-center elementor-grid-3 elementor-grid-tablet-2 elementor-grid-mobile-1 elementor-posts--thumbnail-top elementor-widget elementor-widget-posts\" data-id=\"873598d\" data-element_type=\"widget\" data-settings=\"{&quot;classic_masonry&quot;:&quot;yes&quot;,&quot;classic_row_gap&quot;:{&quot;unit&quot;:&quot;px&quot;,&quot;size&quot;:40,&quot;sizes&quot;:[]},&quot;pagination_type&quot;:&quot;numbers&quot;,&quot;classic_columns&quot;:&quot;3&quot;,&quot;classic_columns_tablet&quot;:&quot;2&quot;,&quot;classic_columns_mobile&quot;:&quot;1&quot;,&quot;classic_row_gap_tablet&quot;:{&quot;unit&quot;:&quot;px&quot;,&quot;size&quot;:&quot;&quot;,&quot;sizes&quot;:[]},&quot;classic_row_gap_mobile&quot;:{&quot;unit&quot;:&quot;px&quot;,&quot;size&quot;:&quot;&quot;,&quot;sizes&quot;:[]}}\" data-widget_type=\"posts.classic\">\n\t\t\t\t<div class=\"elementor-widget-container\">\n\t\t\t\t\t\t\t<div class=\"elementor-posts-container elementor-posts elementor-posts--skin-classic elementor-grid\">\n\t\t\t\t<article class=\"elementor-post elementor-grid-item post-990069 post type-post status-publish format-standard has-post-thumbnail hentry category-design-fr category-solutions-fr tag-cucina-a-ponte-fr\">\n\t\t\t\t<a class=\"elementor-post__thumbnail__link\" href=\"https:\/\/magazine.zecchinon.com\/fr\/design-fr\/niche-cuisine-contemporaine-design-architectural\/\" tabindex=\"-1\" >\n\t\t\t<div class=\"elementor-post__thumbnail\"><img fetchpriority=\"high\" decoding=\"async\" width=\"1500\" height=\"1000\" src=\"https:\/\/magazine.zecchinon.com\/wp-content\/uploads\/2026\/04\/ZCN_COMP_02_KELLY_frontale_1.jpg\" class=\"attachment-full size-full wp-image-990049\" alt=\"Cucina Kelly di Zecchinon\" srcset=\"https:\/\/magazine.zecchinon.com\/wp-content\/uploads\/2026\/04\/ZCN_COMP_02_KELLY_frontale_1.jpg 1500w, https:\/\/magazine.zecchinon.com\/wp-content\/uploads\/2026\/04\/ZCN_COMP_02_KELLY_frontale_1-300x200.jpg 300w, https:\/\/magazine.zecchinon.com\/wp-content\/uploads\/2026\/04\/ZCN_COMP_02_KELLY_frontale_1-1024x683.jpg 1024w, https:\/\/magazine.zecchinon.com\/wp-content\/uploads\/2026\/04\/ZCN_COMP_02_KELLY_frontale_1-768x512.jpg 768w\" sizes=\"(max-width: 1500px) 100vw, 1500px\" \/><\/div>\n\t\t<\/a>\n\t\t\t\t<div class=\"elementor-post__text\">\n\t\t\t\t<h3 class=\"elementor-post__title\">\n\t\t\t<a href=\"https:\/\/magazine.zecchinon.com\/fr\/design-fr\/niche-cuisine-contemporaine-design-architectural\/\" >\n\t\t\t\tConcevoir une niche de cuisine contemporaine\t\t\t<\/a>\n\t\t<\/h3>\n\t\t\t\t<div class=\"elementor-post__excerpt\">\n\t\t\t<p>La niche de cuisine structure l\u2019espace avec pr\u00e9cision, alliant profondeur, continuit\u00e9 des mat\u00e9riaux et fonctionnalit\u00e9 pour une cuisine int\u00e9gr\u00e9e et architecturale.<\/p>\n\t\t<\/div>\n\t\t\t\t<\/div>\n\t\t\t\t<\/article>\n\t\t\t\t<article class=\"elementor-post elementor-grid-item post-990020 post type-post status-publish format-standard has-post-thumbnail hentry category-design-fr category-organisation-fr category-solutions-fr tag-cucina-senza-pensili-fr\">\n\t\t\t\t<a class=\"elementor-post__thumbnail__link\" href=\"https:\/\/magazine.zecchinon.com\/fr\/design-fr\/cuisine-sans-elements-hauts-avantages-idees-conception\/\" tabindex=\"-1\" >\n\t\t\t<div class=\"elementor-post__thumbnail\"><img decoding=\"async\" width=\"1500\" height=\"1000\" src=\"https:\/\/magazine.zecchinon.com\/wp-content\/uploads\/2026\/03\/ZCN_COMP_01_T70_trequarti.jpg\" class=\"attachment-full size-full wp-image-990009\" alt=\"Cucina Zecchinon senza pensili\" srcset=\"https:\/\/magazine.zecchinon.com\/wp-content\/uploads\/2026\/03\/ZCN_COMP_01_T70_trequarti.jpg 1500w, https:\/\/magazine.zecchinon.com\/wp-content\/uploads\/2026\/03\/ZCN_COMP_01_T70_trequarti-300x200.jpg 300w, https:\/\/magazine.zecchinon.com\/wp-content\/uploads\/2026\/03\/ZCN_COMP_01_T70_trequarti-1024x683.jpg 1024w, https:\/\/magazine.zecchinon.com\/wp-content\/uploads\/2026\/03\/ZCN_COMP_01_T70_trequarti-768x512.jpg 768w\" sizes=\"(max-width: 1500px) 100vw, 1500px\" \/><\/div>\n\t\t<\/a>\n\t\t\t\t<div class=\"elementor-post__text\">\n\t\t\t\t<h3 class=\"elementor-post__title\">\n\t\t\t<a href=\"https:\/\/magazine.zecchinon.com\/fr\/design-fr\/cuisine-sans-elements-hauts-avantages-idees-conception\/\" >\n\t\t\t\tCuisine sans \u00e9l\u00e9ments hauts : avantages et id\u00e9es pour concevoir un espace visuellement plus a\u00e9r\u00e9\t\t\t<\/a>\n\t\t<\/h3>\n\t\t\t\t<div class=\"elementor-post__excerpt\">\n\t\t\t<p>La cuisine sans \u00e9l\u00e9ments hauts lib\u00e8re l\u2019espace visuel, am\u00e9liore la luminosit\u00e9 et offre un design \u00e9pur\u00e9 avec des solutions de rangement intelligentes et fonctionnelles.<\/p>\n\t\t<\/div>\n\t\t\t\t<\/div>\n\t\t\t\t<\/article>\n\t\t\t\t<article class=\"elementor-post elementor-grid-item post-989965 post type-post status-publish format-standard has-post-thumbnail hentry category-inspiration-fr category-interviews-fr tag-cucina-su-misura-fr tag-france-fr tag-interview-fr\">\n\t\t\t\t<a class=\"elementor-post__thumbnail__link\" href=\"https:\/\/magazine.zecchinon.com\/fr\/inspiration-fr\/interviews-fr\/lys-agencement-showroom-aix-en-provence-cuisines-sur-mesure\/\" tabindex=\"-1\" >\n\t\t\t<div class=\"elementor-post__thumbnail\"><img decoding=\"async\" width=\"1500\" height=\"1001\" src=\"https:\/\/magazine.zecchinon.com\/wp-content\/uploads\/2026\/03\/image00033.jpeg\" class=\"attachment-full size-full wp-image-989940\" alt=\"Showroom\" srcset=\"https:\/\/magazine.zecchinon.com\/wp-content\/uploads\/2026\/03\/image00033.jpeg 1500w, https:\/\/magazine.zecchinon.com\/wp-content\/uploads\/2026\/03\/image00033-300x200.jpeg 300w, https:\/\/magazine.zecchinon.com\/wp-content\/uploads\/2026\/03\/image00033-1024x683.jpeg 1024w, https:\/\/magazine.zecchinon.com\/wp-content\/uploads\/2026\/03\/image00033-768x513.jpeg 768w\" sizes=\"(max-width: 1500px) 100vw, 1500px\" \/><\/div>\n\t\t<\/a>\n\t\t\t\t<div class=\"elementor-post__text\">\n\t\t\t\t<h3 class=\"elementor-post__title\">\n\t\t\t<a href=\"https:\/\/magazine.zecchinon.com\/fr\/inspiration-fr\/interviews-fr\/lys-agencement-showroom-aix-en-provence-cuisines-sur-mesure\/\" >\n\t\t\t\tLys Agencement inaugure son nouveau showroom \u00e0 Aix-en-Provence\t\t\t<\/a>\n\t\t<\/h3>\n\t\t\t\t<div class=\"elementor-post__excerpt\">\n\t\t\t<p>Lys Agencement inaugure son showroom \u00e0 Aix-en-Provence, renfor\u00e7ant sa pr\u00e9sence dans le Sud de la France et sa collaboration avec Zecchinon pour proposer des cuisines sur mesure, \u00e9l\u00e9gantes, modulables et de haute qualit\u00e9.<\/p>\n\t\t<\/div>\n\t\t\t\t<\/div>\n\t\t\t\t<\/article>\n\t\t\t\t<article class=\"elementor-post elementor-grid-item post-989914 post type-post status-publish format-standard has-post-thumbnail hentry category-inspiration-fr category-interviews-fr tag-cucina-su-misura-fr tag-france-fr tag-interview-fr\">\n\t\t\t\t<a class=\"elementor-post__thumbnail__link\" href=\"https:\/\/magazine.zecchinon.com\/fr\/inspiration-fr\/arbeli-zecchinon-cuisines-sur-mesure-voglans\/\" tabindex=\"-1\" >\n\t\t\t<div class=\"elementor-post__thumbnail\"><img loading=\"lazy\" decoding=\"async\" width=\"2000\" height=\"2550\" src=\"https:\/\/magazine.zecchinon.com\/wp-content\/uploads\/2026\/02\/CENZA-Chambery-12-1.jpg\" class=\"attachment-full size-full wp-image-989884\" alt=\"Insegna Arbel\u00ec, rivenditore di Zecchinon Cucine\" srcset=\"https:\/\/magazine.zecchinon.com\/wp-content\/uploads\/2026\/02\/CENZA-Chambery-12-1.jpg 2000w, https:\/\/magazine.zecchinon.com\/wp-content\/uploads\/2026\/02\/CENZA-Chambery-12-1-235x300.jpg 235w, https:\/\/magazine.zecchinon.com\/wp-content\/uploads\/2026\/02\/CENZA-Chambery-12-1-803x1024.jpg 803w, https:\/\/magazine.zecchinon.com\/wp-content\/uploads\/2026\/02\/CENZA-Chambery-12-1-768x979.jpg 768w, https:\/\/magazine.zecchinon.com\/wp-content\/uploads\/2026\/02\/CENZA-Chambery-12-1-1205x1536.jpg 1205w, https:\/\/magazine.zecchinon.com\/wp-content\/uploads\/2026\/02\/CENZA-Chambery-12-1-1606x2048.jpg 1606w\" sizes=\"(max-width: 2000px) 100vw, 2000px\" \/><\/div>\n\t\t<\/a>\n\t\t\t\t<div class=\"elementor-post__text\">\n\t\t\t\t<h3 class=\"elementor-post__title\">\n\t\t\t<a href=\"https:\/\/magazine.zecchinon.com\/fr\/inspiration-fr\/arbeli-zecchinon-cuisines-sur-mesure-voglans\/\" >\n\t\t\t\tArbel\u00ec et Zecchinon : cuisines sur mesure \u00e0 Voglans, une vision partag\u00e9e\t\t\t<\/a>\n\t\t<\/h3>\n\t\t\t\t<div class=\"elementor-post__excerpt\">\n\t\t\t<p>Arbel\u00ec et Zecchinon r\u00e9alisent des cuisines sur mesure \u00e0 Voglans, combinant artisanat, modularit\u00e9 et design italien. Chaque projet refl\u00e8te le style de vie du client, int\u00e9grant \u00e9l\u00e9gance, fonctionnalit\u00e9 et personnalisation dans un espace central.<\/p>\n\t\t<\/div>\n\t\t\t\t<\/div>\n\t\t\t\t<\/article>\n\t\t\t\t<article class=\"elementor-post elementor-grid-item post-989871 post type-post status-publish format-standard has-post-thumbnail hentry category-inspiration-fr category-projets tag-cucina-con-isola-fr tag-cucina-moderna-fr tag-featured-fr tag-k105-fr\">\n\t\t\t\t<a class=\"elementor-post__thumbnail__link\" href=\"https:\/\/magazine.zecchinon.com\/fr\/inspiration-fr\/tendances-cuisine-2026\/\" tabindex=\"-1\" >\n\t\t\t<div class=\"elementor-post__thumbnail\"><img loading=\"lazy\" decoding=\"async\" width=\"1500\" height=\"1000\" src=\"https:\/\/magazine.zecchinon.com\/wp-content\/uploads\/2026\/01\/ZCN_Comp_1_frame_1_5_trequarti-2.jpg\" class=\"attachment-full size-full wp-image-989859\" alt=\"Cucina Zecchinon dai toni chiari con isola centrale\" srcset=\"https:\/\/magazine.zecchinon.com\/wp-content\/uploads\/2026\/01\/ZCN_Comp_1_frame_1_5_trequarti-2.jpg 1500w, https:\/\/magazine.zecchinon.com\/wp-content\/uploads\/2026\/01\/ZCN_Comp_1_frame_1_5_trequarti-2-300x200.jpg 300w, https:\/\/magazine.zecchinon.com\/wp-content\/uploads\/2026\/01\/ZCN_Comp_1_frame_1_5_trequarti-2-1024x683.jpg 1024w, https:\/\/magazine.zecchinon.com\/wp-content\/uploads\/2026\/01\/ZCN_Comp_1_frame_1_5_trequarti-2-768x512.jpg 768w\" sizes=\"(max-width: 1500px) 100vw, 1500px\" \/><\/div>\n\t\t<\/a>\n\t\t\t\t<div class=\"elementor-post__text\">\n\t\t\t\t<h3 class=\"elementor-post__title\">\n\t\t\t<a href=\"https:\/\/magazine.zecchinon.com\/fr\/inspiration-fr\/tendances-cuisine-2026\/\" >\n\t\t\t\tTendances cuisine 2026 : mati\u00e8res, atmosph\u00e8res et sens\t\t\t<\/a>\n\t\t<\/h3>\n\t\t\t\t<div class=\"elementor-post__excerpt\">\n\t\t\t<p>En 2026, la cuisine devient l&rsquo;expression de l&rsquo;identit\u00e9 : mat\u00e9riaux naturels, couleurs chaudes, personnalisation pouss\u00e9e et minimalisme fonctionnel d\u00e9finissent de nouveaux espaces con\u00e7us pour \u00eatre v\u00e9cus avec authenticit\u00e9 et discr\u00e9tion.<\/p>\n\t\t<\/div>\n\t\t\t\t<\/div>\n\t\t\t\t<\/article>\n\t\t\t\t<article class=\"elementor-post elementor-grid-item post-989850 post type-post status-publish format-standard has-post-thumbnail hentry category-inspiration-fr category-projets tag-cucina-con-isola-fr tag-cucina-moderna-fr tag-featured-fr tag-k105-fr\">\n\t\t\t\t<a class=\"elementor-post__thumbnail__link\" href=\"https:\/\/magazine.zecchinon.com\/fr\/inspiration-fr\/projets\/casa-pg-cuisine-ilot-sur-mesure-3hub-interiors\/\" tabindex=\"-1\" >\n\t\t\t<div class=\"elementor-post__thumbnail\"><img loading=\"lazy\" decoding=\"async\" width=\"2000\" height=\"1333\" src=\"https:\/\/magazine.zecchinon.com\/wp-content\/uploads\/2026\/01\/IMG_1031.jpg\" class=\"attachment-full size-full wp-image-989789\" alt=\"Cucina moderna Zecchinon con isola in un open space\" srcset=\"https:\/\/magazine.zecchinon.com\/wp-content\/uploads\/2026\/01\/IMG_1031.jpg 2000w, https:\/\/magazine.zecchinon.com\/wp-content\/uploads\/2026\/01\/IMG_1031-300x200.jpg 300w, https:\/\/magazine.zecchinon.com\/wp-content\/uploads\/2026\/01\/IMG_1031-1024x682.jpg 1024w, https:\/\/magazine.zecchinon.com\/wp-content\/uploads\/2026\/01\/IMG_1031-768x512.jpg 768w, https:\/\/magazine.zecchinon.com\/wp-content\/uploads\/2026\/01\/IMG_1031-1536x1024.jpg 1536w\" sizes=\"(max-width: 2000px) 100vw, 2000px\" \/><\/div>\n\t\t<\/a>\n\t\t\t\t<div class=\"elementor-post__text\">\n\t\t\t\t<h3 class=\"elementor-post__title\">\n\t\t\t<a href=\"https:\/\/magazine.zecchinon.com\/fr\/inspiration-fr\/projets\/casa-pg-cuisine-ilot-sur-mesure-3hub-interiors\/\" >\n\t\t\t\tCasa P&amp;G par 3HUB Interiors : une cuisine avec \u00eelot sur mesure pour un espace de vie ouvert et int\u00e9gr\u00e9\t\t\t<\/a>\n\t\t<\/h3>\n\t\t\t\t<div class=\"elementor-post__excerpt\">\n\t\t\t<p>Casa P&#038;G accueille une cuisine sur mesure con\u00e7ue par 3HUB Interiors, pens\u00e9e comme le c\u0153ur d\u2019un open space fluide, o\u00f9 mat\u00e9riaux, fonctionnalit\u00e9 et continuit\u00e9 int\u00e9rieur-ext\u00e9rieur se rencontrent gr\u00e2ce \u00e0 la collection K105 de Zecchinon.<\/p>\n\t\t<\/div>\n\t\t\t\t<\/div>\n\t\t\t\t<\/article>\n\t\t\t\t<\/div>\n\t\t\n\t\t\t\t<div class=\"e-load-more-anchor\" data-page=\"1\" data-max-page=\"5\" data-next-page=\"https:\/\/magazine.zecchinon.com\/fr\/wp-json\/wp\/v2\/pages\/988872\/page\/2\/\"><\/div>\n\t\t\t\t<nav class=\"elementor-pagination\" aria-label=\"Pagination\">\n\t\t\t<span aria-current=\"page\" class=\"page-numbers current\"><span class=\"elementor-screen-only\">Page<\/span>1<\/span>\n<a class=\"page-numbers\" href=\"https:\/\/magazine.zecchinon.com\/fr\/wp-json\/wp\/v2\/pages\/988872\/page\/2\/\"><span class=\"elementor-screen-only\">Page<\/span>2<\/a>\n<a class=\"page-numbers\" href=\"https:\/\/magazine.zecchinon.com\/fr\/wp-json\/wp\/v2\/pages\/988872\/page\/3\/\"><span class=\"elementor-screen-only\">Page<\/span>3<\/a>\n<a class=\"page-numbers\" href=\"https:\/\/magazine.zecchinon.com\/fr\/wp-json\/wp\/v2\/pages\/988872\/page\/4\/\"><span class=\"elementor-screen-only\">Page<\/span>4<\/a>\n<a class=\"page-numbers\" href=\"https:\/\/magazine.zecchinon.com\/fr\/wp-json\/wp\/v2\/pages\/988872\/page\/5\/\"><span class=\"elementor-screen-only\">Page<\/span>5<\/a>\t\t<\/nav>\n\t\t\t\t\t\t<\/div>\n\t\t\t\t<\/div>\n\t\t\t\t\t<\/div>\n\t\t<\/div>\n\t\t\t\t\t<\/div>\n\t\t<\/section>\n\t\t\t\t<\/div>\n\t\t","protected":false},"excerpt":{"rendered":"<p>Articoli<\/p>\n","protected":false},"author":1,"featured_media":988821,"parent":0,"menu_order":0,"comment_status":"closed","ping_status":"closed","template":"","meta":{"inline_featured_image":false,"footnotes":""},"class_list":["post-988872","page","type-page","status-publish","has-post-thumbnail","hentry"],"yoast_head":"<!-- This site is optimized with the Yoast SEO plugin v25.3 - https:\/\/yoast.com\/wordpress\/plugins\/seo\/ -->\n<title>Blog - Magazine Zecchinon<\/title>\n<meta name=\"robots\" content=\"index, follow, max-snippet:-1, max-image-preview:large, max-video-preview:-1\" \/>\n<link rel=\"canonical\" href=\"https:\/\/magazine.zecchinon.com\/fr\/blog\/\" \/>\n<meta property=\"og:locale\" content=\"fr_FR\" \/>\n<meta property=\"og:type\" content=\"article\" \/>\n<meta property=\"og:title\" content=\"Blog - Magazine Zecchinon\" \/>\n<meta property=\"og:description\" content=\"Articoli\" \/>\n<meta property=\"og:url\" content=\"https:\/\/magazine.zecchinon.com\/fr\/blog\/\" \/>\n<meta property=\"og:site_name\" content=\"Magazine Zecchinon\" \/>\n<meta property=\"og:image\" content=\"https:\/\/magazine.zecchinon.com\/wp-content\/uploads\/2025\/04\/zecchinon-anteprima-video-istituzionale.jpg\" \/>\n\t<meta property=\"og:image:width\" content=\"2000\" \/>\n\t<meta property=\"og:image:height\" content=\"1124\" \/>\n\t<meta property=\"og:image:type\" content=\"image\/jpeg\" \/>\n<meta name=\"twitter:card\" content=\"summary_large_image\" \/>\n<script type=\"application\/ld+json\" class=\"yoast-schema-graph\">{\"@context\":\"https:\/\/schema.org\",\"@graph\":[{\"@type\":\"WebPage\",\"@id\":\"https:\/\/magazine.zecchinon.com\/fr\/blog\/\",\"url\":\"https:\/\/magazine.zecchinon.com\/fr\/blog\/\",\"name\":\"Blog - Magazine Zecchinon\",\"isPartOf\":{\"@id\":\"https:\/\/magazine.zecchinon.com\/#website\"},\"primaryImageOfPage\":{\"@id\":\"https:\/\/magazine.zecchinon.com\/fr\/blog\/#primaryimage\"},\"image\":{\"@id\":\"https:\/\/magazine.zecchinon.com\/fr\/blog\/#primaryimage\"},\"thumbnailUrl\":\"https:\/\/magazine.zecchinon.com\/wp-content\/uploads\/2025\/04\/zecchinon-anteprima-video-istituzionale.jpg\",\"datePublished\":\"2025-06-11T08:33:15+00:00\",\"breadcrumb\":{\"@id\":\"https:\/\/magazine.zecchinon.com\/fr\/blog\/#breadcrumb\"},\"inLanguage\":\"fr-FR\",\"potentialAction\":[{\"@type\":\"ReadAction\",\"target\":[\"https:\/\/magazine.zecchinon.com\/fr\/blog\/\"]}]},{\"@type\":\"ImageObject\",\"inLanguage\":\"fr-FR\",\"@id\":\"https:\/\/magazine.zecchinon.com\/fr\/blog\/#primaryimage\",\"url\":\"https:\/\/magazine.zecchinon.com\/wp-content\/uploads\/2025\/04\/zecchinon-anteprima-video-istituzionale.jpg\",\"contentUrl\":\"https:\/\/magazine.zecchinon.com\/wp-content\/uploads\/2025\/04\/zecchinon-anteprima-video-istituzionale.jpg\",\"width\":2000,\"height\":1124},{\"@type\":\"BreadcrumbList\",\"@id\":\"https:\/\/magazine.zecchinon.com\/fr\/blog\/#breadcrumb\",\"itemListElement\":[{\"@type\":\"ListItem\",\"position\":1,\"name\":\"Home\",\"item\":\"https:\/\/magazine.zecchinon.com\/en\/\"},{\"@type\":\"ListItem\",\"position\":2,\"name\":\"Blog\"}]},{\"@type\":\"WebSite\",\"@id\":\"https:\/\/magazine.zecchinon.com\/#website\",\"url\":\"https:\/\/magazine.zecchinon.com\/\",\"name\":\"Magazine Zecchinon\",\"description\":\"Your Kitchen. Live Every Moment.\",\"publisher\":{\"@id\":\"https:\/\/magazine.zecchinon.com\/#organization\"},\"potentialAction\":[{\"@type\":\"SearchAction\",\"target\":{\"@type\":\"EntryPoint\",\"urlTemplate\":\"https:\/\/magazine.zecchinon.com\/?s={search_term_string}\"},\"query-input\":{\"@type\":\"PropertyValueSpecification\",\"valueRequired\":true,\"valueName\":\"search_term_string\"}}],\"inLanguage\":\"fr-FR\"},{\"@type\":\"Organization\",\"@id\":\"https:\/\/magazine.zecchinon.com\/#organization\",\"name\":\"Zecchinon\",\"url\":\"https:\/\/magazine.zecchinon.com\/\",\"logo\":{\"@type\":\"ImageObject\",\"inLanguage\":\"fr-FR\",\"@id\":\"https:\/\/magazine.zecchinon.com\/#\/schema\/logo\/image\/\",\"url\":\"https:\/\/magazine.zecchinon.com\/wp-content\/uploads\/2025\/02\/favicon.png\",\"contentUrl\":\"https:\/\/magazine.zecchinon.com\/wp-content\/uploads\/2025\/02\/favicon.png\",\"width\":64,\"height\":64,\"caption\":\"Zecchinon\"},\"image\":{\"@id\":\"https:\/\/magazine.zecchinon.com\/#\/schema\/logo\/image\/\"}}]}<\/script>\n<!-- \/ Yoast SEO plugin. -->","yoast_head_json":{"title":"Blog - Magazine Zecchinon","robots":{"index":"index","follow":"follow","max-snippet":"max-snippet:-1","max-image-preview":"max-image-preview:large","max-video-preview":"max-video-preview:-1"},"canonical":"https:\/\/magazine.zecchinon.com\/fr\/blog\/","og_locale":"fr_FR","og_type":"article","og_title":"Blog - Magazine Zecchinon","og_description":"Articoli","og_url":"https:\/\/magazine.zecchinon.com\/fr\/blog\/","og_site_name":"Magazine Zecchinon","og_image":[{"width":2000,"height":1124,"url":"https:\/\/magazine.zecchinon.com\/wp-content\/uploads\/2025\/04\/zecchinon-anteprima-video-istituzionale.jpg","type":"image\/jpeg"}],"twitter_card":"summary_large_image","schema":{"@context":"https:\/\/schema.org","@graph":[{"@type":"WebPage","@id":"https:\/\/magazine.zecchinon.com\/fr\/blog\/","url":"https:\/\/magazine.zecchinon.com\/fr\/blog\/","name":"Blog - Magazine Zecchinon","isPartOf":{"@id":"https:\/\/magazine.zecchinon.com\/#website"},"primaryImageOfPage":{"@id":"https:\/\/magazine.zecchinon.com\/fr\/blog\/#primaryimage"},"image":{"@id":"https:\/\/magazine.zecchinon.com\/fr\/blog\/#primaryimage"},"thumbnailUrl":"https:\/\/magazine.zecchinon.com\/wp-content\/uploads\/2025\/04\/zecchinon-anteprima-video-istituzionale.jpg","datePublished":"2025-06-11T08:33:15+00:00","breadcrumb":{"@id":"https:\/\/magazine.zecchinon.com\/fr\/blog\/#breadcrumb"},"inLanguage":"fr-FR","potentialAction":[{"@type":"ReadAction","target":["https:\/\/magazine.zecchinon.com\/fr\/blog\/"]}]},{"@type":"ImageObject","inLanguage":"fr-FR","@id":"https:\/\/magazine.zecchinon.com\/fr\/blog\/#primaryimage","url":"https:\/\/magazine.zecchinon.com\/wp-content\/uploads\/2025\/04\/zecchinon-anteprima-video-istituzionale.jpg","contentUrl":"https:\/\/magazine.zecchinon.com\/wp-content\/uploads\/2025\/04\/zecchinon-anteprima-video-istituzionale.jpg","width":2000,"height":1124},{"@type":"BreadcrumbList","@id":"https:\/\/magazine.zecchinon.com\/fr\/blog\/#breadcrumb","itemListElement":[{"@type":"ListItem","position":1,"name":"Home","item":"https:\/\/magazine.zecchinon.com\/en\/"},{"@type":"ListItem","position":2,"name":"Blog"}]},{"@type":"WebSite","@id":"https:\/\/magazine.zecchinon.com\/#website","url":"https:\/\/magazine.zecchinon.com\/","name":"Magazine Zecchinon","description":"Your Kitchen. Live Every Moment.","publisher":{"@id":"https:\/\/magazine.zecchinon.com\/#organization"},"potentialAction":[{"@type":"SearchAction","target":{"@type":"EntryPoint","urlTemplate":"https:\/\/magazine.zecchinon.com\/?s={search_term_string}"},"query-input":{"@type":"PropertyValueSpecification","valueRequired":true,"valueName":"search_term_string"}}],"inLanguage":"fr-FR"},{"@type":"Organization","@id":"https:\/\/magazine.zecchinon.com\/#organization","name":"Zecchinon","url":"https:\/\/magazine.zecchinon.com\/","logo":{"@type":"ImageObject","inLanguage":"fr-FR","@id":"https:\/\/magazine.zecchinon.com\/#\/schema\/logo\/image\/","url":"https:\/\/magazine.zecchinon.com\/wp-content\/uploads\/2025\/02\/favicon.png","contentUrl":"https:\/\/magazine.zecchinon.com\/wp-content\/uploads\/2025\/02\/favicon.png","width":64,"height":64,"caption":"Zecchinon"},"image":{"@id":"https:\/\/magazine.zecchinon.com\/#\/schema\/logo\/image\/"}}]}},"_links":{"self":[{"href":"https:\/\/magazine.zecchinon.com\/fr\/wp-json\/wp\/v2\/pages\/988872","targetHints":{"allow":["GET"]}}],"collection":[{"href":"https:\/\/magazine.zecchinon.com\/fr\/wp-json\/wp\/v2\/pages"}],"about":[{"href":"https:\/\/magazine.zecchinon.com\/fr\/wp-json\/wp\/v2\/types\/page"}],"author":[{"embeddable":true,"href":"https:\/\/magazine.zecchinon.com\/fr\/wp-json\/wp\/v2\/users\/1"}],"replies":[{"embeddable":true,"href":"https:\/\/magazine.zecchinon.com\/fr\/wp-json\/wp\/v2\/comments?post=988872"}],"version-history":[{"count":0,"href":"https:\/\/magazine.zecchinon.com\/fr\/wp-json\/wp\/v2\/pages\/988872\/revisions"}],"wp:featuredmedia":[{"embeddable":true,"href":"https:\/\/magazine.zecchinon.com\/fr\/wp-json\/wp\/v2\/media\/988821"}],"wp:attachment":[{"href":"https:\/\/magazine.zecchinon.com\/fr\/wp-json\/wp\/v2\/media?parent=988872"}],"curies":[{"name":"wp","href":"https:\/\/api.w.org\/{rel}","templated":true}]}}